{"id":4279,"date":"2025-02-08T06:56:05","date_gmt":"2025-02-08T06:56:05","guid":{"rendered":"https:\/\/tplabs.co\/surince\/?page_id=4279"},"modified":"2025-04-05T15:41:49","modified_gmt":"2025-04-05T15:41:49","slug":"blog","status":"publish","type":"page","link":"https:\/\/nandobuys.com\/es\/blog\/","title":{"rendered":"Blog"},"content":{"rendered":"<div data-elementor-type=\"wp-page\" data-elementor-id=\"4279\" class=\"elementor elementor-4279\">\n\t\t\t\t\t\t<section class=\"elementor-section elementor-top-section elementor-element elementor-element-a877d0f elementor-section-boxed elementor-section-height-default elementor-section-height-default\" data-id=\"a877d0f\" data-element_type=\"section\">\n\t\t\t\t\t\t<div class=\"elementor-container elementor-column-gap-default\">\n\t\t\t\t\t<div class=\"elementor-column elementor-col-100 elementor-top-column elementor-element elementor-element-798e588\" data-id=\"798e588\" data-element_type=\"column\">\n\t\t\t<div class=\"elementor-widget-wrap elementor-element-populated\">\n\t\t\t\t\t\t<div class=\"elementor-element elementor-element-ddd3dfd elementor-widget elementor-widget-spacer\" data-id=\"ddd3dfd\" data-element_type=\"widget\" data-widget_type=\"spacer.default\">\n\t\t\t\t<div class=\"elementor-widget-container\">\n\t\t\t\t\t\t\t<div class=\"elementor-spacer\">\n\t\t\t<div class=\"elementor-spacer-inner\"><\/div>\n\t\t<\/div>\n\t\t\t\t\t\t<\/div>\n\t\t\t\t<\/div>\n\t\t\t\t<div class=\"elementor-element elementor-element-463e35b news-style-2 author-default elementor-widget elementor-widget-mae-news-grid\" data-id=\"463e35b\" data-element_type=\"widget\" data-widget_type=\"mae-news-grid.default\">\n\t\t\t\t<div class=\"elementor-widget-container\">\n\t\t\t\t\t\n        <div class=\"master-portfolio\" data-config='{\"columns\":3,\"columnsTablet\":2,\"columnsMobile\":1,\"gapHorizontal\":30,\"gapVertical\":30,\"layoutMode\":\"grid\"}'>\n            <div class=\"galleries cbp\">\n                                    \n                        <div class=\"cbp-item\">\n                            <div class=\"master-news\">\n                            <div class=\"image-wrap\"><a class=\"thumb\" href=\"https:\/\/nandobuys.com\/es\/seller-financing-what-home-sellers-should-know\/\" aria-label=\"Seller Financing: What Home Sellers Should Know\"><span class=\"inner\"><img fetchpriority=\"high\" decoding=\"async\" width=\"370\" height=\"320\" src=\"https:\/\/nandobuys.com\/wp-content\/uploads\/2024\/12\/I-want-to-sell-my-house-370x320.jpg\" class=\"attachment-mae-news size-mae-news wp-post-image\" alt=\"I want to sell my house\" srcset=\"https:\/\/nandobuys.com\/wp-content\/uploads\/2024\/12\/I-want-to-sell-my-house-370x320.jpg 370w, https:\/\/nandobuys.com\/wp-content\/uploads\/2024\/12\/I-want-to-sell-my-house-14x12.jpg 14w\" sizes=\"(max-width: 370px) 100vw, 370px\" \/><\/span><\/a><\/div><div class=\"content-wrap\"><div class=\"post-meta\"><\/div><h3 class=\"headline-2\"><a href=\"https:\/\/nandobuys.com\/es\/seller-financing-what-home-sellers-should-know\/\">Seller Financing: What Home Sellers Should Know<\/a><\/h3><div class=\"sep\"><\/div><div class=\"bottom-wrap\">            <div class=\"url-wrap\">\n                <a class=\"master-link  icon-right\" href=\"https:\/\/nandobuys.com\/es\/seller-financing-what-home-sellers-should-know\/\"\n                    aria-label=\"Read More Seller Financing: What Home Sellers Should Know\">\n                                        <span>Leer M\u00e1s<\/span>\n                    <span class=\"icon ci-right-arrow2\"><\/span>                <\/a>\n            <\/div>\n\n            <div class=\"post-meta\"><\/div><\/div><\/div>                            <\/div>\n                        <\/div>\n                    \n                        <div class=\"cbp-item\">\n                            <div class=\"master-news\">\n                            <div class=\"image-wrap\"><a class=\"thumb\" href=\"https:\/\/nandobuys.com\/es\/the-quality-role-of-the-life-insurance-new-policies\/\" aria-label=\"\u00bfC\u00f3mo funciona el alquiler con opci\u00f3n a compra? Gu\u00eda completa sobre viviendas en alquiler con opci\u00f3n a compra\"><span class=\"inner\"><img decoding=\"async\" width=\"370\" height=\"320\" src=\"https:\/\/nandobuys.com\/wp-content\/uploads\/2023\/07\/news07-370x320.webp\" class=\"attachment-mae-news size-mae-news wp-post-image\" alt=\"\" \/><\/span><\/a><\/div><div class=\"content-wrap\"><div class=\"post-meta\"><\/div><h3 class=\"headline-2\"><a href=\"https:\/\/nandobuys.com\/es\/the-quality-role-of-the-life-insurance-new-policies\/\">\u00bfC\u00f3mo funciona el alquiler con opci\u00f3n a compra? Gu\u00eda completa sobre viviendas en alquiler con opci\u00f3n a compra<\/a><\/h3><div class=\"sep\"><\/div><div class=\"bottom-wrap\">            <div class=\"url-wrap\">\n                <a class=\"master-link  icon-right\" href=\"https:\/\/nandobuys.com\/es\/the-quality-role-of-the-life-insurance-new-policies\/\"\n                    aria-label=\"Read More How Does Rent-To-Own Work? A Complete Guide to Rent-To-Own Homes\">\n                                        <span>Leer M\u00e1s<\/span>\n                    <span class=\"icon ci-right-arrow2\"><\/span>                <\/a>\n            <\/div>\n\n            <div class=\"post-meta\"><\/div><\/div><\/div>                            <\/div>\n                        <\/div>\n                                <\/div><!-- galleries -->\n        <\/div><!-- master-portfolio -->\n        \t\t\t\t<\/div>\n\t\t\t\t<\/div>\n\t\t\t\t<div class=\"elementor-element elementor-element-eca2078 elementor-widget elementor-widget-spacer\" data-id=\"eca2078\" data-element_type=\"widget\" data-widget_type=\"spacer.default\">\n\t\t\t\t<div class=\"elementor-widget-container\">\n\t\t\t\t\t\t\t<div class=\"elementor-spacer\">\n\t\t\t<div class=\"elementor-spacer-inner\"><\/div>\n\t\t<\/div>\n\t\t\t\t\t\t<\/div>\n\t\t\t\t<\/div>\n\t\t\t\t\t<\/div>\n\t\t<\/div>\n\t\t\t\t\t<\/div>\n\t\t<\/section>\n\t\t\t\t<\/div>\n\t\t\n    <div class=\"xs_social_share_widget xs_share_url after_content \t\tmain_content  wslu-style-1 wslu-share-box-shaped wslu-fill-colored wslu-none wslu-share-horizontal wslu-theme-font-no wslu-main_content\">\n\n\t\t\n        <ul>\n\t\t\t        <\/ul>\n    <\/div>","protected":false},"excerpt":{"rendered":"<p>How Does Rent-To-Own Work? A Complete Guide to Rent-To-Own Homes Read More<\/p>","protected":false},"author":1,"featured_media":0,"parent":0,"menu_order":0,"comment_status":"closed","ping_status":"closed","template":"","meta":{"inline_featured_image":false,"footnotes":""},"class_list":["post-4279","page","type-page","status-publish","hentry"],"yoast_head":"<!-- This site is optimized with the Yoast SEO plugin v25.7 - https:\/\/yoast.com\/wordpress\/plugins\/seo\/ -->\n<title>Blog - nandobuys.com<\/title>\n<meta name=\"robots\" content=\"index, follow, max-snippet:-1, max-image-preview:large, max-video-preview:-1\" \/>\n<link rel=\"canonical\" href=\"https:\/\/nandobuys.com\/es\/blog\/\" \/>\n<meta property=\"og:locale\" content=\"es_ES\" \/>\n<meta property=\"og:type\" content=\"article\" \/>\n<meta property=\"og:title\" content=\"Blog - nandobuys.com\" \/>\n<meta property=\"og:description\" content=\"How Does Rent-To-Own Work? A Complete Guide to Rent-To-Own Homes Read More\" \/>\n<meta property=\"og:url\" content=\"https:\/\/nandobuys.com\/es\/blog\/\" \/>\n<meta property=\"og:site_name\" content=\"nandobuys.com\" \/>\n<meta property=\"article:modified_time\" content=\"2025-04-05T15:41:49+00:00\" \/>\n<meta property=\"og:image\" content=\"https:\/\/nandobuys.com\/wp-content\/uploads\/2023\/07\/news07-370x320.webp\" \/>\n<meta name=\"twitter:card\" content=\"summary_large_image\" \/>\n<meta name=\"twitter:label1\" content=\"Tiempo de lectura\" \/>\n\t<meta name=\"twitter:data1\" content=\"1 minuto\" \/>\n<script type=\"application\/ld+json\" class=\"yoast-schema-graph\">{\"@context\":\"https:\/\/schema.org\",\"@graph\":[{\"@type\":\"WebPage\",\"@id\":\"https:\/\/nandobuys.com\/blog\/\",\"url\":\"https:\/\/nandobuys.com\/blog\/\",\"name\":\"Blog - nandobuys.com\",\"isPartOf\":{\"@id\":\"https:\/\/nandobuys.com\/es\/#website\"},\"primaryImageOfPage\":{\"@id\":\"https:\/\/nandobuys.com\/blog\/#primaryimage\"},\"image\":{\"@id\":\"https:\/\/nandobuys.com\/blog\/#primaryimage\"},\"thumbnailUrl\":\"https:\/\/nandobuys.com\/wp-content\/uploads\/2023\/07\/news07-370x320.webp\",\"datePublished\":\"2025-02-08T06:56:05+00:00\",\"dateModified\":\"2025-04-05T15:41:49+00:00\",\"breadcrumb\":{\"@id\":\"https:\/\/nandobuys.com\/blog\/#breadcrumb\"},\"inLanguage\":\"es\",\"potentialAction\":[{\"@type\":\"ReadAction\",\"target\":[\"https:\/\/nandobuys.com\/blog\/\"]}]},{\"@type\":\"ImageObject\",\"inLanguage\":\"es\",\"@id\":\"https:\/\/nandobuys.com\/blog\/#primaryimage\",\"url\":\"https:\/\/nandobuys.com\/wp-content\/uploads\/2023\/07\/news07-370x320.webp\",\"contentUrl\":\"https:\/\/nandobuys.com\/wp-content\/uploads\/2023\/07\/news07-370x320.webp\"},{\"@type\":\"BreadcrumbList\",\"@id\":\"https:\/\/nandobuys.com\/blog\/#breadcrumb\",\"itemListElement\":[{\"@type\":\"ListItem\",\"position\":1,\"name\":\"Home\",\"item\":\"https:\/\/nandobuys.com\/\"},{\"@type\":\"ListItem\",\"position\":2,\"name\":\"Blog\"}]},{\"@type\":\"WebSite\",\"@id\":\"https:\/\/nandobuys.com\/es\/#website\",\"url\":\"https:\/\/nandobuys.com\/es\/\",\"name\":\"nandobuys.com\",\"description\":\"SELL YOUR HOUSE  FOR CASH\",\"potentialAction\":[{\"@type\":\"SearchAction\",\"target\":{\"@type\":\"EntryPoint\",\"urlTemplate\":\"https:\/\/nandobuys.com\/es\/?s={search_term_string}\"},\"query-input\":{\"@type\":\"PropertyValueSpecification\",\"valueRequired\":true,\"valueName\":\"search_term_string\"}}],\"inLanguage\":\"es\"}]}<\/script>\n<!-- \/ Yoast SEO plugin. -->","yoast_head_json":{"title":"Blog - nandobuys.com","robots":{"index":"index","follow":"follow","max-snippet":"max-snippet:-1","max-image-preview":"max-image-preview:large","max-video-preview":"max-video-preview:-1"},"canonical":"https:\/\/nandobuys.com\/es\/blog\/","og_locale":"es_ES","og_type":"article","og_title":"Blog - nandobuys.com","og_description":"How Does Rent-To-Own Work? A Complete Guide to Rent-To-Own Homes Read More","og_url":"https:\/\/nandobuys.com\/es\/blog\/","og_site_name":"nandobuys.com","article_modified_time":"2025-04-05T15:41:49+00:00","og_image":[{"url":"https:\/\/nandobuys.com\/wp-content\/uploads\/2023\/07\/news07-370x320.webp","type":"","width":"","height":""}],"twitter_card":"summary_large_image","twitter_misc":{"Tiempo de lectura":"1 minuto"},"schema":{"@context":"https:\/\/schema.org","@graph":[{"@type":"WebPage","@id":"https:\/\/nandobuys.com\/blog\/","url":"https:\/\/nandobuys.com\/blog\/","name":"Blog - nandobuys.com","isPartOf":{"@id":"https:\/\/nandobuys.com\/es\/#website"},"primaryImageOfPage":{"@id":"https:\/\/nandobuys.com\/blog\/#primaryimage"},"image":{"@id":"https:\/\/nandobuys.com\/blog\/#primaryimage"},"thumbnailUrl":"https:\/\/nandobuys.com\/wp-content\/uploads\/2023\/07\/news07-370x320.webp","datePublished":"2025-02-08T06:56:05+00:00","dateModified":"2025-04-05T15:41:49+00:00","breadcrumb":{"@id":"https:\/\/nandobuys.com\/blog\/#breadcrumb"},"inLanguage":"es","potentialAction":[{"@type":"ReadAction","target":["https:\/\/nandobuys.com\/blog\/"]}]},{"@type":"ImageObject","inLanguage":"es","@id":"https:\/\/nandobuys.com\/blog\/#primaryimage","url":"https:\/\/nandobuys.com\/wp-content\/uploads\/2023\/07\/news07-370x320.webp","contentUrl":"https:\/\/nandobuys.com\/wp-content\/uploads\/2023\/07\/news07-370x320.webp"},{"@type":"BreadcrumbList","@id":"https:\/\/nandobuys.com\/blog\/#breadcrumb","itemListElement":[{"@type":"ListItem","position":1,"name":"Home","item":"https:\/\/nandobuys.com\/"},{"@type":"ListItem","position":2,"name":"Blog"}]},{"@type":"WebSite","@id":"https:\/\/nandobuys.com\/es\/#website","url":"https:\/\/nandobuys.com\/es\/","name":"nandobuys.com","description":"SELL YOUR HOUSE  FOR CASH","potentialAction":[{"@type":"SearchAction","target":{"@type":"EntryPoint","urlTemplate":"https:\/\/nandobuys.com\/es\/?s={search_term_string}"},"query-input":{"@type":"PropertyValueSpecification","valueRequired":true,"valueName":"search_term_string"}}],"inLanguage":"es"}]}},"jetpack_sharing_enabled":true,"_links":{"self":[{"href":"https:\/\/nandobuys.com\/es\/wp-json\/wp\/v2\/pages\/4279","targetHints":{"allow":["GET"]}}],"collection":[{"href":"https:\/\/nandobuys.com\/es\/wp-json\/wp\/v2\/pages"}],"about":[{"href":"https:\/\/nandobuys.com\/es\/wp-json\/wp\/v2\/types\/page"}],"author":[{"embeddable":true,"href":"https:\/\/nandobuys.com\/es\/wp-json\/wp\/v2\/users\/1"}],"replies":[{"embeddable":true,"href":"https:\/\/nandobuys.com\/es\/wp-json\/wp\/v2\/comments?post=4279"}],"version-history":[{"count":13,"href":"https:\/\/nandobuys.com\/es\/wp-json\/wp\/v2\/pages\/4279\/revisions"}],"predecessor-version":[{"id":7353,"href":"https:\/\/nandobuys.com\/es\/wp-json\/wp\/v2\/pages\/4279\/revisions\/7353"}],"wp:attachment":[{"href":"https:\/\/nandobuys.com\/es\/wp-json\/wp\/v2\/media?parent=4279"}],"curies":[{"name":"wp","href":"https:\/\/api.w.org\/{rel}","templated":true}]}}